{"id":23325,"date":"2022-06-20T22:25:43","date_gmt":"2022-06-20T20:25:43","guid":{"rendered":"https:\/\/faqmlc.ilo.org\/?page_id=23325"},"modified":"2022-06-28T21:30:50","modified_gmt":"2022-06-28T19:30:50","slug":"outras-fontes-de-informacao-uteis","status":"publish","type":"page","link":"https:\/\/faqmlc.ilo.org\/pt-pt\/outras-fontes-de-informacao-uteis\/","title":{"rendered":"Outras fontes de informa\u00e7\u00e3o \u00fateis"},"content":{"rendered":"\n<p><a class=\"internal-link\" href=\"https:\/\/www.ilo.org\/wcmsp5\/groups\/public\/---ed_norm\/---normes\/documents\/normativeinstrument\/wcms_763684.pdf\" target=\"_blank\" data-external target=\"_blank\" rel=\"noopener\">Texto da MLC, 2006 (com emendas)<\/a><\/p>\n<p><a class=\"internal-link\" href=\"https:\/\/www.ilo.org\/global\/standards\/maritime-labour-convention\/database-ratification-implementation\/lang--en\/index.htm\" target=\"_blank\" data-external target=\"_blank\" rel=\"noopener\">Ratifica\u00e7\u00e3o e informa\u00e7\u00e3o sobre implementa\u00e7\u00e3o por pa\u00eds<\/a><\/p>\n<p><a class=\"internal-link\" href=\"https:\/\/www.ilo.org\/global\/standards\/maritime-labour-convention\/lang--en\/index.htm\" target=\"_blank\" data-external target=\"_blank\" rel=\"noopener\">Portal da MLC, 2006<\/a><\/p>\n<hr \/>\n\n\n\n<p>O presente documento faz parte de uma s\u00e9rie de publica\u00e7\u00f5es e outros recursos, incluindo diretrizes recomendadas por reuni\u00f5es de peritos, que foram desenvolvidos para ajudar os Membros da OIT na aplica\u00e7\u00e3o da MLC, 2006.<\/p>\n\n\n\n<p>Todos estes recursos podem ser consultados e descarregados livremente a partir do s\u00edtio web da OIT dedicado \u00e0 MLC, 2006, na liga\u00e7\u00e3o \u00abMonitoring and implementation tools\u00bb, em: <a href=\"http:\/\/www.ilo.org\/mlc\" target=\"_blank\" data-external>www.ilo.org\/mlc.<\/a><\/p>\n\n\n\n<p>A prepara\u00e7\u00e3o e publica\u00e7\u00e3o destes recursos n\u00e3o teria sido poss\u00edvel sem o apoio da coopera\u00e7\u00e3o t\u00e9cnica dos Membros da OIT<\/p>\n","protected":false},"excerpt":{"rendered":"<p>Texto da MLC, 2006 (com emendas) Ratifica\u00e7\u00e3o e informa\u00e7\u00e3o sobre implementa\u00e7\u00e3o por pa\u00eds Portal da MLC, 2006 O presente documento faz parte de uma s\u00e9rie de [&hellip;]<\/p>\n","protected":false},"author":5,"featured_media":0,"parent":0,"menu_order":0,"comment_status":"closed","ping_status":"closed","template":"internal-page.php","meta":{"footnotes":""},"class_list":["post-23325","page","type-page","status-publish","hentry"],"_links":{"self":[{"href":"https:\/\/faqmlc.ilo.org\/pt-pt\/wp-json\/wp\/v2\/pages\/23325","targetHints":{"allow":["GET"]}}],"collection":[{"href":"https:\/\/faqmlc.ilo.org\/pt-pt\/wp-json\/wp\/v2\/pages"}],"about":[{"href":"https:\/\/faqmlc.ilo.org\/pt-pt\/wp-json\/wp\/v2\/types\/page"}],"author":[{"embeddable":true,"href":"https:\/\/faqmlc.ilo.org\/pt-pt\/wp-json\/wp\/v2\/users\/5"}],"replies":[{"embeddable":true,"href":"https:\/\/faqmlc.ilo.org\/pt-pt\/wp-json\/wp\/v2\/comments?post=23325"}],"version-history":[{"count":7,"href":"https:\/\/faqmlc.ilo.org\/pt-pt\/wp-json\/wp\/v2\/pages\/23325\/revisions"}],"predecessor-version":[{"id":23394,"href":"https:\/\/faqmlc.ilo.org\/pt-pt\/wp-json\/wp\/v2\/pages\/23325\/revisions\/23394"}],"wp:attachment":[{"href":"https:\/\/faqmlc.ilo.org\/pt-pt\/wp-json\/wp\/v2\/media?parent=23325"}],"curies":[{"name":"wp","href":"https:\/\/api.w.org\/{rel}","templated":true}]}}