{"id":23308,"date":"2022-06-16T21:55:34","date_gmt":"2022-06-16T19:55:34","guid":{"rendered":"https:\/\/faqmlc.ilo.org\/?page_id=23308"},"modified":"2022-07-09T15:25:51","modified_gmt":"2022-07-09T13:25:51","slug":"home","status":"publish","type":"page","link":"https:\/\/faqmlc.ilo.org\/pt-pt\/","title":{"rendered":"Home"},"content":{"rendered":"\n<p><div class=\"mt-knowledge-search wow  \">\n                <form role=\"search\" method=\"get\" id=\"searchform\" autocomplete=\"off\" class=\"clearfix\" action=\"https:\/\/faqmlc.ilo.org\">\n                  <input type=\"hidden\" name=\"post_type\" value=\"mt_listing\">\n                  <input placeholder=\"Search Knowledge Base\" type=\"text\" name=\"s\" id=\"keyword\" onkeyup=\"searchFetch.fetch()\">\n                  <button type=\"submit\" id=\"searchsubmit\"> <i class=\"fa fa-search\"><\/i><\/button>\n                <\/form>\n                <div id=\"datafetch\"><\/div>\n            <\/div><br>    <div class=\"hcnpqifphq\">\n                    <a id=\"term-340\" class=\"vtioznezej\" href=\"https:\/\/faqmlc.ilo.org\/pt-pt\/knowledgebase-category\/a\/\">\n                <div class=\"hxdupwxhwb\">A.<\/div>\n                <div class=\"bjjdobdcra\">Quest\u00f5es gerais sobre a MLC, 2006<\/div>\n            <\/a>\n                    <a id=\"term-347\" class=\"vtioznezej\" href=\"https:\/\/faqmlc.ilo.org\/pt-pt\/knowledgebase-category\/b\/\">\n                <div class=\"hxdupwxhwb\">B.<\/div>\n                <div class=\"bjjdobdcra\">Quest\u00f5es sobre os trabalhadores e os navios compreendidos no \u00e2mbito de aplica\u00e7\u00e3o da MLC, 2006<\/div>\n            <\/a>\n                    <a id=\"term-344\" class=\"vtioznezej\" href=\"https:\/\/faqmlc.ilo.org\/pt-pt\/knowledgebase-category\/c\/\">\n                <div class=\"hxdupwxhwb\">C.<\/div>\n                <div class=\"bjjdobdcra\">Quest\u00f5es relativas aos t\u00edtulos da MLC, 2006<\/div>\n            <\/a>\n            <\/div>\n<br><img loading=\"lazy\" decoding=\"async\" src=\"https:\/\/faqmlc.ilo.org\/wp-content\/uploads\/2021\/01\/Group-2598.png\" srcset=\"https:\/\/faqmlc.ilo.org\/wp-content\/uploads\/2021\/01\/Group-2598.png 719w, https:\/\/faqmlc.ilo.org\/wp-content\/uploads\/2021\/01\/Group-2598-300x97.png 300w\" alt=\"\" width=\"719\" height=\"233\"><\/p>\n\n\n\n<h1 class=\"wp-block-heading\">Conven\u00e7\u00e3o do Trabalho Mar\u00edtimo, 2006, tal como emendada (MLC, 2006)<\/h1>\n\n\n\n<p>Esta quinta edi\u00e7\u00e3o da <strong>Conven\u00e7\u00e3o do Trabalho Mar\u00edtimo, 2006 \u2013 Quest\u00f5es Frequentes<\/strong>, da OIT, foi preparada em dezembro de 2019 pelo Departamento de Normas Internacionais do Trabalho da OIT. Este documento pretende ajudar as pessoas envolvidas no estudo ou na aplica\u00e7\u00e3o da MLC, 2006 a encontrar respostas \u00e0s quest\u00f5es que possam ter sobre esta inovadora e completa Conven\u00e7\u00e3o da OIT. As respostas contidas neste documento destinam-se a proporcionar informa\u00e7\u00e3o sob a forma de explica\u00e7\u00f5es breves remetendo para a Conven\u00e7\u00e3o e outros materiais de refer\u00eancia. N\u00e3o s\u00e3o pareceres ou aconselhamento jur\u00eddico relativamente ao significado de uma prescri\u00e7\u00e3o da Conven\u00e7\u00e3o ou da sua aplica\u00e7\u00e3o a uma situa\u00e7\u00e3o\u00a0individual. O s\u00edtio e o aplicativo das Quest\u00f5es Frequentes foram elaborados em colabora\u00e7\u00e3o com o Centro Internacional de Forma\u00e7\u00e3o da OIT e podem ser vistos e baixados gratuitamente.<br><div class=\"shvhuccwwj\"><ul id=\"menu-m-home\" class=\"menu\"><li id=\"menu-item-23360\" class=\"menu-item menu-item-type-post_type menu-item-object-page menu-item-23360\"><a href=\"https:\/\/faqmlc.ilo.org\/pt-pt\/prefacio-e-agradecimentos\/\">Pref\u00e1cio e agradecimentos<\/a><\/li>\n<li id=\"menu-item-23359\" class=\"menu-item menu-item-type-post_type menu-item-object-page menu-item-23359\"><a href=\"https:\/\/faqmlc.ilo.org\/pt-pt\/como-utilizar-estas-questoes-frequentes\/\">Como utilizar estas Quest\u00f5es Frequentes<\/a><\/li>\n<li id=\"menu-item-23358\" class=\"menu-item menu-item-type-post_type menu-item-object-page menu-item-23358\"><a href=\"https:\/\/faqmlc.ilo.org\/pt-pt\/outras-fontes-de-informacao-uteis\/\">Outras fontes de informa\u00e7\u00e3o \u00fateis<\/a><\/li>\n<\/ul><\/div><\/p>\n","protected":false},"excerpt":{"rendered":"<p>Conven\u00e7\u00e3o do Trabalho Mar\u00edtimo, 2006, tal como emendada (MLC, 2006) Esta quinta edi\u00e7\u00e3o da Conven\u00e7\u00e3o do Trabalho Mar\u00edtimo, 2006 \u2013 Quest\u00f5es Frequentes, da OIT, foi preparada [&hellip;]<\/p>\n","protected":false},"author":5,"featured_media":0,"parent":0,"menu_order":0,"comment_status":"closed","ping_status":"open","template":"","meta":{"footnotes":""},"class_list":["post-23308","page","type-page","status-publish","hentry"],"_links":{"self":[{"href":"https:\/\/faqmlc.ilo.org\/pt-pt\/wp-json\/wp\/v2\/pages\/23308","targetHints":{"allow":["GET"]}}],"collection":[{"href":"https:\/\/faqmlc.ilo.org\/pt-pt\/wp-json\/wp\/v2\/pages"}],"about":[{"href":"https:\/\/faqmlc.ilo.org\/pt-pt\/wp-json\/wp\/v2\/types\/page"}],"author":[{"embeddable":true,"href":"https:\/\/faqmlc.ilo.org\/pt-pt\/wp-json\/wp\/v2\/users\/5"}],"replies":[{"embeddable":true,"href":"https:\/\/faqmlc.ilo.org\/pt-pt\/wp-json\/wp\/v2\/comments?post=23308"}],"version-history":[{"count":6,"href":"https:\/\/faqmlc.ilo.org\/pt-pt\/wp-json\/wp\/v2\/pages\/23308\/revisions"}],"predecessor-version":[{"id":23423,"href":"https:\/\/faqmlc.ilo.org\/pt-pt\/wp-json\/wp\/v2\/pages\/23308\/revisions\/23423"}],"wp:attachment":[{"href":"https:\/\/faqmlc.ilo.org\/pt-pt\/wp-json\/wp\/v2\/media?parent=23308"}],"curies":[{"name":"wp","href":"https:\/\/api.w.org\/{rel}","templated":true}]}}