{"id":22321,"date":"2021-12-16T16:11:09","date_gmt":"2021-12-16T15:11:09","guid":{"rendered":"https:\/\/faqmlc.ilo.org\/?page_id=22321"},"modified":"2022-01-10T11:04:54","modified_gmt":"2022-01-10T10:04:54","slug":"home","status":"publish","type":"page","link":"https:\/\/faqmlc.ilo.org\/fr\/","title":{"rendered":"HOME"},"content":{"rendered":"<p><div class=\"mt-knowledge-search wow  \">\n                <form role=\"search\" method=\"get\" id=\"searchform\" autocomplete=\"off\" class=\"clearfix\" action=\"https:\/\/faqmlc.ilo.org\">\n                  <input type=\"hidden\" name=\"post_type\" value=\"mt_listing\">\n                  <input placeholder=\"Rechercher dans la base de connaissances\" type=\"text\" name=\"s\" id=\"keyword\" onkeyup=\"searchFetch.fetch()\">\n                  <button type=\"submit\" id=\"searchsubmit\"> <i class=\"fa fa-search\"><\/i><\/button>\n                <\/form>\n                <div id=\"datafetch\"><\/div>\n            <\/div><br \/>\n    <div class=\"hcnpqifphq\">\n                    <a id=\"term-267\" class=\"vtioznezej\" href=\"https:\/\/faqmlc.ilo.org\/fr\/knowledgebase-category\/a\/\">\n                <div class=\"hxdupwxhwb\">A.<\/div>\n                <div class=\"bjjdobdcra\">Questions d\u2019ordre g\u00e9n\u00e9ral concernant la MLC, 2006<\/div>\n            <\/a>\n                    <a id=\"term-268\" class=\"vtioznezej\" href=\"https:\/\/faqmlc.ilo.org\/fr\/knowledgebase-category\/b\/\">\n                <div class=\"hxdupwxhwb\">B.<\/div>\n                <div class=\"bjjdobdcra\">Questions concernant les travailleurs et les navires couverts par la MLC, 2006<\/div>\n            <\/a>\n                    <a id=\"term-269\" class=\"vtioznezej\" href=\"https:\/\/faqmlc.ilo.org\/fr\/knowledgebase-category\/c\/\">\n                <div class=\"hxdupwxhwb\">C.<\/div>\n                <div class=\"bjjdobdcra\">Questions ayant trait aux diff\u00e9rents titres de la MLC, 2006<\/div>\n            <\/a>\n            <\/div>\n<br \/>\n<img loading=\"lazy\" decoding=\"async\" class=\"vc_single_image-img attachment-full\" src=\"https:\/\/faqmlc.ilo.org\/wp-content\/uploads\/2021\/01\/Group-2598.png\" sizes=\"auto, (max-width: 719px) 100vw, 719px\" srcset=\"https:\/\/faqmlc.ilo.org\/wp-content\/uploads\/2021\/01\/Group-2598.png 719w, https:\/\/faqmlc.ilo.org\/wp-content\/uploads\/2021\/01\/Group-2598-300x97.png 300w\" alt=\"\" width=\"719\" height=\"233\" \/><\/p>\n<h1>Convention du travail maritime, 2006, telle qu&#8217;amend\u00e9e (MLC, 2006)<\/h1>\n<p class=\"p1\">Cette cinqui\u00e8me \u00e9dition du document intitul\u00e9 <b>Convention du travail maritime, 2006 \u2013 Questions fr\u00e9quentes<\/b> a \u00e9t\u00e9 pr\u00e9par\u00e9 en d\u00e9cembre 2019 par le D\u00e9partement des normes internationales du travail du BIT. Elle a pour vocation d\u2019aider les personnes qui \u00e9tudient la convention ou sont charg\u00e9es d\u2019en assurer l\u2019application \u00e0 trouver des r\u00e9ponses aux questions qu\u2019elles ont au sujet de cette convention novatrice de l\u2019OIT. Les r\u00e9ponses propos\u00e9es dans le pr\u00e9sent document ont pour ambition d\u2019\u00eatre des explications pr\u00e9cises se r\u00e9f\u00e9rant \u00e0 la convention ainsi qu\u2019\u00e0 d\u2019autres mat\u00e9riels de r\u00e9f\u00e9rence. Elles ne constituent pas des avis ou des conseils juridiques quant \u00e0 la signification de telle ou telle prescription contenue dans la convention ou sur son application \u00e0 une situation sp\u00e9cifique. Le site Web et l&#8217;application des Questions fr\u00e9quentes ont \u00e9t\u00e9 d\u00e9velopp\u00e9s en collaboration avec le Centre international de formation de l&#8217;OIT. Ils peuvent \u00eatre consult\u00e9s et t\u00e9l\u00e9charg\u00e9s librement.<\/p>\n<p class=\"p1\"><div class=\"shvhuccwwj\"><ul id=\"menu-home-french\" class=\"menu\"><li id=\"menu-item-22360\" class=\"menu-item menu-item-type-post_type menu-item-object-page menu-item-22360\"><a href=\"https:\/\/faqmlc.ilo.org\/fr\/preface\/\">Pr\u00e9face et remerciements<\/a><\/li>\n<li id=\"menu-item-22358\" class=\"menu-item menu-item-type-post_type menu-item-object-page menu-item-22358\"><a href=\"https:\/\/faqmlc.ilo.org\/fr\/comment-utiliser-ce-manuel\/\">Comment utiliser ce document<\/a><\/li>\n<li id=\"menu-item-22359\" class=\"menu-item menu-item-type-post_type menu-item-object-page menu-item-22359\"><a href=\"https:\/\/faqmlc.ilo.org\/fr\/autres-sources-dinformation-utiles\/\">Autres sources d\u2019information utiles<\/a><\/li>\n<\/ul><\/div><\/p>\n","protected":false},"excerpt":{"rendered":"<p>Convention du travail maritime, 2006, telle qu&#8217;amend\u00e9e (MLC, 2006) Cette cinqui\u00e8me \u00e9dition du document intitul\u00e9 Convention du travail maritime, 2006 \u2013 Questions fr\u00e9quentes a \u00e9t\u00e9 pr\u00e9par\u00e9 [&hellip;]<\/p>\n","protected":false},"author":3,"featured_media":0,"parent":0,"menu_order":0,"comment_status":"closed","ping_status":"open","template":"","meta":{"footnotes":""},"class_list":["post-22321","page","type-page","status-publish","hentry"],"_links":{"self":[{"href":"https:\/\/faqmlc.ilo.org\/fr\/wp-json\/wp\/v2\/pages\/22321","targetHints":{"allow":["GET"]}}],"collection":[{"href":"https:\/\/faqmlc.ilo.org\/fr\/wp-json\/wp\/v2\/pages"}],"about":[{"href":"https:\/\/faqmlc.ilo.org\/fr\/wp-json\/wp\/v2\/types\/page"}],"author":[{"embeddable":true,"href":"https:\/\/faqmlc.ilo.org\/fr\/wp-json\/wp\/v2\/users\/3"}],"replies":[{"embeddable":true,"href":"https:\/\/faqmlc.ilo.org\/fr\/wp-json\/wp\/v2\/comments?post=22321"}],"version-history":[{"count":15,"href":"https:\/\/faqmlc.ilo.org\/fr\/wp-json\/wp\/v2\/pages\/22321\/revisions"}],"predecessor-version":[{"id":22698,"href":"https:\/\/faqmlc.ilo.org\/fr\/wp-json\/wp\/v2\/pages\/22321\/revisions\/22698"}],"wp:attachment":[{"href":"https:\/\/faqmlc.ilo.org\/fr\/wp-json\/wp\/v2\/media?parent=22321"}],"curies":[{"name":"wp","href":"https:\/\/api.w.org\/{rel}","templated":true}]}}