{"id":21499,"date":"2021-12-07T16:43:42","date_gmt":"2021-12-07T15:43:42","guid":{"rendered":"https:\/\/faqmlc.ilo.org\/?page_id=21499"},"modified":"2022-01-10T17:29:33","modified_gmt":"2022-01-10T16:29:33","slug":"autres-sources-dinformation-utiles","status":"publish","type":"page","link":"https:\/\/faqmlc.ilo.org\/fr\/autres-sources-dinformation-utiles\/","title":{"rendered":"Autres sources d\u2019information utiles"},"content":{"rendered":"<ul>\n<li><a href=\"https:\/\/www.ilo.org\/global\/standards\/maritime-labour-convention\/text\/WCMS_763686\/lang--fr\/index.htm\" target=\"_blank\" data-external>Texte de la MLC, 2006 telle qu&#8217;amend\u00e9e<\/a><\/li>\n<li><a href=\"https:\/\/www.ilo.org\/global\/standards\/maritime-labour-convention\/database-ratification-implementation\/lang--fr\/index.htm\" target=\"_blank\" data-external>Ratification et mise en \u0153uvre par pays<\/a><\/li>\n<li><a href=\"https:\/\/www.ilo.org\/global\/standards\/maritime-labour-convention\/lang--fr\/index.htm\" target=\"_blank\" data-external>Portail de la MLC, 2006<\/a><\/li>\n<\/ul>\n<hr \/>\n<p class=\"p1\">Le pr\u00e9sent document fait partie d\u2019une s\u00e9rie de publications et d\u2019autres ressources, y compris les directives recommand\u00e9es par des r\u00e9unions d\u2019experts, qui ont \u00e9t\u00e9 mises au point pour aider les \u00c9tats Membres \u00e0 mettre en \u0153uvre la MLC, 2006.<\/p>\n<p class=\"p1\">Ces sources d\u2019information peuvent \u00eatre consult\u00e9es et t\u00e9l\u00e9charg\u00e9es gratuitement \u00e0 partir du site Web de l\u2019OIT sp\u00e9cialement d\u00e9di\u00e9 \u00e0 la MLC, 2006, en cliquant sur la rubrique \u00abContr\u00f4le et instruments de mise en \u0153uvre\u00bb figurant \u00e0 l\u2019adresse: <a href=\"https:\/\/www.ilo.org\/global\/standards\/maritime-labour-convention\/lang--en\/index.htm\" target=\"_blank\" data-external>www.ilo.org\/mlc<\/a>.<\/p>\n<p class=\"p1\">La pr\u00e9paration et la publication de ces manuels n\u2019auraient pas \u00e9t\u00e9 possibles sans la coop\u00e9ration technique et le soutien d\u2019\u00c9tats Membres de l\u2019OIT.<\/p>\n\n\n<p><\/p>\n","protected":false},"excerpt":{"rendered":"<p>Texte de la MLC, 2006 telle qu&#8217;amend\u00e9e Ratification et mise en \u0153uvre par pays Portail de la MLC, 2006 Le pr\u00e9sent document fait partie d\u2019une s\u00e9rie [&hellip;]<\/p>\n","protected":false},"author":3,"featured_media":0,"parent":0,"menu_order":0,"comment_status":"closed","ping_status":"closed","template":"internal-page.php","meta":{"footnotes":""},"class_list":["post-21499","page","type-page","status-publish","hentry"],"_links":{"self":[{"href":"https:\/\/faqmlc.ilo.org\/fr\/wp-json\/wp\/v2\/pages\/21499","targetHints":{"allow":["GET"]}}],"collection":[{"href":"https:\/\/faqmlc.ilo.org\/fr\/wp-json\/wp\/v2\/pages"}],"about":[{"href":"https:\/\/faqmlc.ilo.org\/fr\/wp-json\/wp\/v2\/types\/page"}],"author":[{"embeddable":true,"href":"https:\/\/faqmlc.ilo.org\/fr\/wp-json\/wp\/v2\/users\/3"}],"replies":[{"embeddable":true,"href":"https:\/\/faqmlc.ilo.org\/fr\/wp-json\/wp\/v2\/comments?post=21499"}],"version-history":[{"count":8,"href":"https:\/\/faqmlc.ilo.org\/fr\/wp-json\/wp\/v2\/pages\/21499\/revisions"}],"predecessor-version":[{"id":22711,"href":"https:\/\/faqmlc.ilo.org\/fr\/wp-json\/wp\/v2\/pages\/21499\/revisions\/22711"}],"wp:attachment":[{"href":"https:\/\/faqmlc.ilo.org\/fr\/wp-json\/wp\/v2\/media?parent=21499"}],"curies":[{"name":"wp","href":"https:\/\/api.w.org\/{rel}","templated":true}]}}