{"id":21490,"date":"2021-12-07T16:01:06","date_gmt":"2021-12-07T15:01:06","guid":{"rendered":"https:\/\/faqmlc.ilo.org\/?page_id=21490"},"modified":"2022-06-24T00:22:50","modified_gmt":"2022-06-23T22:22:50","slug":"comment-utiliser-ce-manuel","status":"publish","type":"page","link":"https:\/\/faqmlc.ilo.org\/fr\/comment-utiliser-ce-manuel\/","title":{"rendered":"Comment utiliser ce document"},"content":{"rendered":"\n<p>La convention du travail maritime, 2006 <sup><a href=\"#1\">1<\/a><\/sup>, a \u00e9t\u00e9 adopt\u00e9e par la Conf\u00e9rence internationale du Travail \u00e0 sa 94<sup>e<\/sup> session (maritime) le 23 f\u00e9vrier 2006. Elle est entr\u00e9e en vigueur le 20 ao\u00fbt 2013 et a \u00e9t\u00e9 amend\u00e9e en 2014, 2016 et 2018. Elle s\u2019intitule actuellement convention du travail maritime, 2006, telle qu\u2019amend\u00e9e (MLC, 2006). En mai 2022, 101 pays repr\u00e9sentant plus de 96 pour cent de la jauge brute de la flotte marchande mondiale l\u2019avaient ratifi\u00e9e.<\/p>\n\n\n\n<p>Depuis 2006, l\u2019int\u00e9r\u00eat pour la MLC, 2006, s\u2019est accru, de m\u00eame que l\u2019exp\u00e9rience acquise dans l\u2019application de cet instrument. En 2012, pour renforcer le sentiment de partie prenante \u00e0 la MLC, 2006, parmi les mandants de l\u2019OIT et pour faciliter la compr\u00e9hension de cette convention, le Bureau international du Travail a mis en place une base de donn\u00e9es \u00e9lectroniques de r\u00e9ponses aux questions les plus fr\u00e9quentes (\u00abQuestions fr\u00e9quentes\u00bb), qu\u2019il a pr\u00e9par\u00e9e \u00e9galement sous la forme d\u2019un document du BIT. Cette base de donn\u00e9es a \u00e9t\u00e9 \u00e9tablie en trois langues (anglais, espagnol et fran\u00e7ais), suivant une pr\u00e9sentation propre \u00e0 en permettre une consultation rapide sous sa forme de document informatique (que ce soit en ligne ou apr\u00e8s l\u2019avoir t\u00e9l\u00e9charg\u00e9 comme document PDF), par le site d\u00e9di\u00e9 \u00e0 la MLC, 2006, sur le site Web de l\u2019OIT <sup><a href=\"#2\">2<\/a><\/sup>. L\u2019actuelle publication est la cinqui\u00e8me \u00e9dition, qui date de 2019.<\/p>\n\n\n\n<p>Celle-ci a pour ambition de constituer une source d\u2019information ais\u00e9ment accessible, susceptible d\u2019\u00eatre mise \u00e0 jour p\u00e9riodiquement. Elle a aussi pour vocation d\u2019aider les personnes qui \u00e9tudient la convention ou sont charg\u00e9es d\u2019en assurer l\u2019application \u00e0 trouver des r\u00e9ponses aux questions qu\u2019elles ont au sujet de cette convention novatrice de l\u2019OIT. Des r\u00e9f\u00e9rences aux commentaires de la Commission d\u2019experts pour l\u2019application des conventions et recommandations ont \u00e9t\u00e9 ajout\u00e9es chaque fois que n\u00e9cessaire [voir <a href='https:\/\/faqmlc.ilo.org\/pt-pt\/knowledgebase-category\/a\/a38\/' data-id=''>A38<\/a>].<\/p>\n\n\n\n<p>Il convient de noter que les r\u00e9ponses propos\u00e9es dans le pr\u00e9sent document ne peuvent \u00eatre cit\u00e9es en tant que telles comme des avis juridiques faisant autorit\u00e9. Il en est ainsi, en premier lieu, parce que les prescriptions exactes r\u00e9sultant de la convention sont celles dont chaque pays se dote au moyen de la l\u00e9gislation ou des mesures d\u2019un autre ordre qu\u2019il adopte pour mettre en \u0153uvre la MLC, 2006, si bien qu\u2019il n\u2019est pas possible d\u2019apporter une r\u00e9ponse faisant autorit\u00e9 \u00e0 quelque question que ce soit dans ce domaine sans se r\u00e9f\u00e9rer au droit national applicable. En second lieu, les r\u00e9ponses propos\u00e9es dans le pr\u00e9sent manuel ont pour ambition d\u2019\u00eatre des explications assez concises se r\u00e9f\u00e9rant \u00e0 la convention ainsi qu\u2019\u00e0 d\u2019autres mat\u00e9riels de r\u00e9f\u00e9rence. Elles ne constituent pas des avis juridiques quant \u00e0 la signification de telle ou telle prescription contenue dans la convention ou sur son application \u00e0 une situation sp\u00e9cifique. De tels avis peuvent \u00eatre donn\u00e9s par le BIT \u00e0 des gouvernements et \u00e0 des organisations d\u2019armateurs et de gens de mer, notamment sur leur demande, avec cette r\u00e9serve que seule la Cour internationale de Justice est comp\u00e9tente pour donner une interpr\u00e9tation faisant autorit\u00e9 d\u2019une convention internationale du travail.<\/p>\n\n\n\n<p>Le pr\u00e9sent manuel, pr\u00e9sent\u00e9 sous forme de questions-r\u00e9ponses, est divis\u00e9 en trois rubriques principales:<\/p>\n\n\n\n<ul class=\"wp-block-list\"><li><strong>La rubrique \u00abA. Questions d\u2019ordre g\u00e9n\u00e9ral concernant la MLC, 2006\u00bb fournit des informations sur l\u2019OIT<\/strong>, l\u2019historique de la convention et les concepts sur lesquels elle repose, ainsi que sa situation actuelle.<\/li><li><strong>La rubrique \u00abB. Questions concernant les travailleurs et les navires couverts par la MLC, 2006\u00bb <\/strong>traite des questions relatives \u00e0 l\u2019application de la MLC, 2006, et \u00e0 ses dispositions, principalement celles qui sont contenues dans les articles de la convention, concernant la d\u00e9finition et l\u2019application, par exemple qu\u2019entend-on par \u00abnavire\u00bb et par \u00abgens de mer\u00bb?<\/li><li><strong>La rubrique \u00abC. Questions ayant trait aux diff\u00e9rents titres de la MLC, 2006\u00bb <\/strong>pr\u00e9sente des questions-r\u00e9ponses concernant des questions sp\u00e9cifiques ou plus techniques. Elle suit l\u2019ordre des cinq titres de la MLC, 2006:<ul><li><a href=\"https:\/\/www.ilo.org\/dyn\/normlex\/fr\/f?p=NORMLEXPUB%3A91%3A0%3A%3A%3A%3AP91_SECTION%3AMLC_A2\" target=\"_blank\" data-external>Titre 1. Conditions minimales requises pour le travail des gens de mer \u00e0 bord d\u2019un navire<\/a> <\/li><li><a href=\"https:\/\/www.ilo.org\/dyn\/normlex\/fr\/f?p=NORMLEXPUB%3A91%3A0%3A%3A%3A%3AP91_SECTION%3AMLC_A2\" target=\"_blank\" data-external>Titre 2. Conditions d\u2019emploi<\/a><\/li><li><a href=\"https:\/\/www.ilo.org\/dyn\/normlex\/fr\/f?p=NORMLEXPUB%3A91%3A0%3A%3A%3A%3AP91_SECTION%3AMLC_A2\" target=\"_blank\" data-external>Titre 3. Logement, loisirs, alimentation et service de table<\/a> <\/li><li><a href=\"https:\/\/www.ilo.org\/dyn\/normlex\/fr\/f?p=NORMLEXPUB%3A91%3A0%3A%3A%3A%3AP91_SECTION%3AMLC_A2\" target=\"_blank\" data-external>Titre 4. Protection de la sant\u00e9, soins m\u00e9dicaux, bien-\u00eatre et protection en mati\u00e8re de s\u00e9curit\u00e9 sociale<\/a> <\/li><\/ul><\/li><\/ul>\n\n\n\n<p>Bon nombre de ces questions-r\u00e9ponses font r\u00e9f\u00e9rence \u00e0 d\u2019autres questions- r\u00e9ponses connexes contenues dans le manuel. Pour ceux qui lisent le manuel sous sa forme \u00e9lectronique ou en ligne, il convient de noter que ces r\u00e9f\u00e9rences sont \u00e9galement li\u00e9es \u00e9lectroniquement (hypertexte) aux autres questions pos\u00e9es dans le manuel ou dans d\u2019autres documents r\u00e9f\u00e9renc\u00e9s sur le site Web de l\u2019OIT.<\/p>\n\n\n<hr>\n<footer>\n<p id=\"1\"><sup>1<\/sup> Le texte de la MLC, 2006, peut \u00eatre consult\u00e9 (ou t\u00e9l\u00e9charg\u00e9 sous forme de document PDF) dans un certain nombre de langues sur le site Web de l\u2019OIT d\u00e9di\u00e9 \u00e0 la MLC, 2006 (<a href=\"https:\/\/www.ilo.org\/global\/standards\/maritime-labour-convention\/lang--fr\/index.htm\" target=\"_blank\" data-external>www.ilo.org\/mlc<\/a>), sous la rubrique \u00ab<a href=\"https:\/\/www.ilo.org\/global\/standards\/maritime-labour-convention\/text\/lang--fr\/index.htm\" target=\"_blank\" data-external>Texte et rapports pr\u00e9paratoires<\/a>\u00bb.<\/p>\n<p id=\"2\"><sup>2<\/sup> Se reporter \u00e0 l\u2019adresse: <a href=\"https:\/\/www.ilo.org\/global\/standards\/maritime-labour-convention\/lang--fr\/index.htm\" target=\"_blank\" data-external>www.ilo.org\/mlc<\/a>.<\/p>\n<\/footer>","protected":false},"excerpt":{"rendered":"<p>La convention du travail maritime, 2006 1, a \u00e9t\u00e9 adopt\u00e9e par la Conf\u00e9rence internationale du Travail \u00e0 sa 94e session (maritime) le 23 f\u00e9vrier 2006. Elle [&hellip;]<\/p>\n","protected":false},"author":3,"featured_media":0,"parent":0,"menu_order":0,"comment_status":"closed","ping_status":"closed","template":"internal-page.php","meta":{"footnotes":""},"class_list":["post-21490","page","type-page","status-publish","hentry"],"_links":{"self":[{"href":"https:\/\/faqmlc.ilo.org\/fr\/wp-json\/wp\/v2\/pages\/21490","targetHints":{"allow":["GET"]}}],"collection":[{"href":"https:\/\/faqmlc.ilo.org\/fr\/wp-json\/wp\/v2\/pages"}],"about":[{"href":"https:\/\/faqmlc.ilo.org\/fr\/wp-json\/wp\/v2\/types\/page"}],"author":[{"embeddable":true,"href":"https:\/\/faqmlc.ilo.org\/fr\/wp-json\/wp\/v2\/users\/3"}],"replies":[{"embeddable":true,"href":"https:\/\/faqmlc.ilo.org\/fr\/wp-json\/wp\/v2\/comments?post=21490"}],"version-history":[{"count":8,"href":"https:\/\/faqmlc.ilo.org\/fr\/wp-json\/wp\/v2\/pages\/21490\/revisions"}],"predecessor-version":[{"id":23371,"href":"https:\/\/faqmlc.ilo.org\/fr\/wp-json\/wp\/v2\/pages\/21490\/revisions\/23371"}],"wp:attachment":[{"href":"https:\/\/faqmlc.ilo.org\/fr\/wp-json\/wp\/v2\/media?parent=21490"}],"curies":[{"name":"wp","href":"https:\/\/api.w.org\/{rel}","templated":true}]}}