{"id":22485,"date":"2021-12-17T16:09:36","date_gmt":"2021-12-17T15:09:36","guid":{"rendered":"https:\/\/faqmlc.ilo.org\/?page_id=22485"},"modified":"2022-01-10T10:32:47","modified_gmt":"2022-01-10T09:32:47","slug":"otras-fuentes-utiles-de-informacion","status":"publish","type":"page","link":"https:\/\/faqmlc.ilo.org\/es\/otras-fuentes-utiles-de-informacion\/","title":{"rendered":"Otras fuentes \u00fatiles de informaci\u00f3n"},"content":{"rendered":"<ul>\n<li><a href=\"https:\/\/www.ilo.org\/global\/standards\/maritime-labour-convention\/text\/lang--es\/index.htm\" target=\"_blank\" data-external>Texto del MLC, 2006, en su versi\u00f3n enmendada<\/a><\/li>\n<li><a href=\"https:\/\/www.ilo.org\/global\/standards\/maritime-labour-convention\/database-ratification-implementation\/lang--es\/index.htm\" target=\"_blank\" data-external>Ratificaci\u00f3n e implementaci\u00f3n por pa\u00eds<\/a><\/li>\n<li><a href=\"https:\/\/www.ilo.org\/global\/standards\/maritime-labour-convention\/lang--es\/index.htm\" target=\"_blank\" data-external>Portal del MLC, 2006<\/a><\/li>\n<\/ul>\n<hr \/>\n<p class=\"p1\">El presente documento forma parte de una serie de publicaciones y de otros recursos, incluidas directrices formuladas por reuniones de expertos, que se han preparado para ayudar a los Miembros de la OIT a aplicar el MLC, 2006.<\/p>\n<p class=\"p1\">Todos estos recursos pueden consultarse y descargarse gratuitamente del sitio web de la OIT dedicado exclusivamente al MLC, 2006 (<a href=\"https:\/\/www.ilo.org\/global\/standards\/maritime-labour-convention\/lang--en\/index.htm\" target=\"_blank\" data-external>www.ilo.org\/mlc<\/a>), en la secci\u00f3n \u00abInstrumentos de supervisi\u00f3n e implementaci\u00f3n\u00bb.<\/p>\n<p class=\"p1\">La elaboraci\u00f3n y publicaci\u00f3n de estos recursos no habr\u00eda sido posible sin la cooperaci\u00f3n t\u00e9cnica de los Miembros de la OIT.<\/p>\n","protected":false},"excerpt":{"rendered":"<p>Texto del MLC, 2006, en su versi\u00f3n enmendada Ratificaci\u00f3n e implementaci\u00f3n por pa\u00eds Portal del MLC, 2006 El presente documento forma parte de una serie de [&hellip;]<\/p>\n","protected":false},"author":3,"featured_media":0,"parent":0,"menu_order":0,"comment_status":"closed","ping_status":"closed","template":"internal-page.php","meta":{"footnotes":""},"class_list":["post-22485","page","type-page","status-publish","hentry"],"_links":{"self":[{"href":"https:\/\/faqmlc.ilo.org\/es\/wp-json\/wp\/v2\/pages\/22485","targetHints":{"allow":["GET"]}}],"collection":[{"href":"https:\/\/faqmlc.ilo.org\/es\/wp-json\/wp\/v2\/pages"}],"about":[{"href":"https:\/\/faqmlc.ilo.org\/es\/wp-json\/wp\/v2\/types\/page"}],"author":[{"embeddable":true,"href":"https:\/\/faqmlc.ilo.org\/es\/wp-json\/wp\/v2\/users\/3"}],"replies":[{"embeddable":true,"href":"https:\/\/faqmlc.ilo.org\/es\/wp-json\/wp\/v2\/comments?post=22485"}],"version-history":[{"count":11,"href":"https:\/\/faqmlc.ilo.org\/es\/wp-json\/wp\/v2\/pages\/22485\/revisions"}],"predecessor-version":[{"id":22696,"href":"https:\/\/faqmlc.ilo.org\/es\/wp-json\/wp\/v2\/pages\/22485\/revisions\/22696"}],"wp:attachment":[{"href":"https:\/\/faqmlc.ilo.org\/es\/wp-json\/wp\/v2\/media?parent=22485"}],"curies":[{"name":"wp","href":"https:\/\/api.w.org\/{rel}","templated":true}]}}