{"id":22479,"date":"2021-12-17T15:56:53","date_gmt":"2021-12-17T14:56:53","guid":{"rendered":"https:\/\/faqmlc.ilo.org\/?page_id=22479"},"modified":"2022-06-24T00:23:46","modified_gmt":"2022-06-23T22:23:46","slug":"como-utilizar-estas-preguntas-mas-frecuentes","status":"publish","type":"page","link":"https:\/\/faqmlc.ilo.org\/es\/como-utilizar-estas-preguntas-mas-frecuentes\/","title":{"rendered":"C\u00f3mo utilizar estas Preguntas m\u00e1s frecuentes"},"content":{"rendered":"<p>El Convenio sobre el trabajo mar\u00edtimo, 2006 (MLC, 2006) <sup>1<\/sup> fue adoptado en la 94.a reuni\u00f3n (mar\u00edtima) de la Conferencia Internacional del Trabajo, el 23 de febrero de 2006. El MLC, 2006 entr\u00f3 en vigor el 20 de agosto de 2013 y fue enmendado en 2014, 2016 y 2018. El nombre actual es Convenio sobre el trabajo mar\u00edtimo, 2006, en su versi\u00f3n enmendada (MLC, 2006). En mayo de 2022, ha sido ratificado por 101 pa\u00edses que representan m\u00e1s del 96 por ciento del arqueo bruto de la flota mercante mundial.<\/p>\n\n\n<p>Desde el a\u00f1o 2006, el inter\u00e9s por el MLC, 2006, y la experiencia adquirida con su aplicaci\u00f3n han ido en aumento. En 2012, con el fin de familiarizar en mayor medida a los mandantes de la OIT con el Convenio y de facilitar su comprensi\u00f3n, la Oficina Internacional del Trabajo prepar\u00f3 una base de datos electr\u00f3nica con las respuestas a las <em>Preguntas m\u00e1s frecuentes<\/em>, que tambi\u00e9n se public\u00f3 en formato impreso. Se ha elaborado en tres idiomas (espa\u00f1ol, franc\u00e9s e ingl\u00e9s) y se ha adoptado un formato que permite a los lectores realizar b\u00fasquedas r\u00e1pidamente cuando se consulta en soporte electr\u00f3nico (ya sea en l\u00ednea o descarg\u00e1ndolo como documento PDF) en el sitio web de la OIT dedicado al MLC, 2006 <sup>2<\/sup>. La presente versi\u00f3n de <em>Preguntas m\u00e1s frecuentes<\/em>, de 2019, es la quinta edici\u00f3n (revisada).<\/p>\n\n\n\n<p>Se concibi\u00f3 como una fuente de informaci\u00f3n de f\u00e1cil acceso que se actualizar\u00eda con regularidad. Este documento tiene por objeto ayudar a las personas que participan en el estudio o la aplicaci\u00f3n del MLC, 2006 a encontrar respuestas a sus preguntas acerca de este innovador Convenio de la OIT. Cuando se ha estimado pertinente, se han incluido referencias a los comentarios de la Comisi\u00f3n de Expertos en Aplicaci\u00f3n de Convenios y Recomendaciones de la OIT [v\u00e9ase la secci\u00f3n <a href='https:\/\/faqmlc.ilo.org\/pt-pt\/knowledgebase-category\/a\/a38\/' data-id=''>A38<\/a>].<\/p>\n\n\n\n<p><strong>Cabe se\u00f1alar que las respuestas proporcionadas en <em>Preguntas m\u00e1s frecuentes <\/em>no pueden en s\u00ed ser citadas como opiniones jur\u00eddicas oficiales. <\/strong>Esto se debe, en primer lugar, a que los requisitos concretos del Convenio son los que figuran en la legislaci\u00f3n nacional o en otras medidas adoptadas por cada pa\u00eds para aplicar el MLC, 2006. Por consiguiente, no puede proporcionarse una respuesta oficial a ninguna pregunta sin hacer referencia al sistema jur\u00eddico nacional aplicable. En segundo lugar, las respuestas contenidas en este documento tienen por objeto suministrar informaci\u00f3n en forma de explicaciones concisas referentes al Convenio y a otros materiales de referencia en lugar de opiniones jur\u00eddicas o asesoramiento jur\u00eddico sobre el significado de un requisito del Convenio o sobre su aplicaci\u00f3n en una situaci\u00f3n particular. La OIT puede proporcionar estas opiniones, en particular, a los Gobiernos y a las organizaciones de armadores y de gente de mar que las soliciten, y en el entendimiento de que la Corte Internacional de Justicia es el \u00fanico \u00f3rgano competente para hacer una interpretaci\u00f3n oficial de los convenios internacionales del trabajo.<\/p>\n\n\n\n<p>Este documento est\u00e1 organizado en torno a preguntas y respuestas divididas en tres secciones principales:<\/p>\n\n\n<ul>\n<li><strong>La secci\u00f3n \u00abA. Preguntas generales sobre el MLC, 2006\u00bb proporciona informaci\u00f3n sobre la OIT<\/strong>, la historia del Convenio y las nociones que lo sustentan, as\u00ed como su situaci\u00f3n actual.<\/li>\n<li><strong>La secci\u00f3n \u00abB. Preguntas sobre los trabajadores y los buques comprendidos en el \u00e1mbito de aplicaci\u00f3n del MLC, 2006\u00bb<\/strong> contiene preguntas sobre la aplicaci\u00f3n y las disposiciones (principalmente de los art\u00edculos del Convenio) relativas a la definici\u00f3n y a la aplicaci\u00f3n, por ejemplo, la definici\u00f3n de buque o de gente de mar.<\/li>\n<li><strong>La secci\u00f3n \u00abC. Preguntas relativas a los T\u00edtulos del MLC, 2006\u00bb<\/strong> contiene preguntas y respuestas relativas a una o varias cuestiones concretas o m\u00e1s t\u00e9cnicas. Sigue el orden de los cinco T\u00edtulos (1 a 5) del MLC, 2006:     <ul>\n                    <li><a href=\"https:\/\/faqmlc.ilo.org\/es\/knowledgebase-category\/c1\/\">T\u00edtulo 1. Requisitos m\u00ednimos para trabajar a bordo de buques<\/a><\/li>\n                    <li><a href=\"https:\/\/faqmlc.ilo.org\/es\/knowledgebase-category\/c2\/\">T\u00edtulo 2. Condiciones de empleo<\/a><\/li>\n                    <li><a href=\"https:\/\/faqmlc.ilo.org\/es\/knowledgebase-category\/c3\/\">T\u00edtulo 3. Alojamiento, instalaciones de esparcimiento, alimentaci\u00f3n y servicio de fonda<\/a><\/li>\n                    <li><a href=\"https:\/\/faqmlc.ilo.org\/es\/knowledgebase-category\/c4\/\">T\u00edtulo 4. Protecci\u00f3n de la salud, atenci\u00f3n m\u00e9dica, bienestar y protecci\u00f3n social<\/a><\/li>\n                    <li><a href=\"https:\/\/faqmlc.ilo.org\/es\/knowledgebase-category\/c5\/\">T\u00edtulo 5. Cumplimiento y control de la aplicaci\u00f3n<\/a><\/li>\n            <\/ul>\n<\/li>\n<\/ul>\n<p>Existen referencias en muchas de las preguntas y respuestas a otras preguntas y respuestas conexas que figuran en el presente documento. Para quienes lo lean en formato electro\u0301nico o en li\u0301nea, estas referencias tambie\u0301n incluyen un hipervi\u0301nculo a otras preguntas contenidas en las <em>Preguntas ma\u0301s frecuentes<\/em> o en documentos mencionados en el sitio web de la OIT.<\/p>\n\n\n<hr>\n<footer>\n    <p id=\"1\"><sup>1<\/sup> El  texto  del  MLC,  2006, puede  consultarse  (o  descargarse  en  formato  PDF)  en  varios \nidiomas en el sitio web (portal) de la OIT dedicado al Convenio (<a href=\"https:\/\/www.ilo.org\/global\/standards\/maritime-labour-convention\/lang--es\/index.htm\" target=\"_blank\" data-external>www.ilo.org\/mlc<\/a>), en la \nsecci\u00f3n \u00ab<a href=\"https:\/\/www.ilo.org\/global\/standards\/maritime-labour-convention\/text\/lang--es\/index.htm\" target=\"_blank\" data-external>Texto e informes preparatorios<\/a>\u00bb.<\/p>\n    <p id=\"2\"><sup>2<\/sup> V\u00e9ase el sitio web de la OIT dedicado al Convenio: <a href=\"https:\/\/www.ilo.org\/global\/standards\/maritime-labour-convention\/lang--es\/index.htm\" target=\"_blank\" data-external>www.ilo.org\/mlc<\/a>.<\/p>\n<\/footer>\n","protected":false},"excerpt":{"rendered":"<p>El Convenio sobre el trabajo mar\u00edtimo, 2006 (MLC, 2006) 1 fue adoptado en la 94.a reuni\u00f3n (mar\u00edtima) de la Conferencia Internacional del Trabajo, el 23 de [&hellip;]<\/p>\n","protected":false},"author":3,"featured_media":0,"parent":0,"menu_order":0,"comment_status":"closed","ping_status":"closed","template":"internal-page.php","meta":{"footnotes":""},"class_list":["post-22479","page","type-page","status-publish","hentry"],"_links":{"self":[{"href":"https:\/\/faqmlc.ilo.org\/es\/wp-json\/wp\/v2\/pages\/22479","targetHints":{"allow":["GET"]}}],"collection":[{"href":"https:\/\/faqmlc.ilo.org\/es\/wp-json\/wp\/v2\/pages"}],"about":[{"href":"https:\/\/faqmlc.ilo.org\/es\/wp-json\/wp\/v2\/types\/page"}],"author":[{"embeddable":true,"href":"https:\/\/faqmlc.ilo.org\/es\/wp-json\/wp\/v2\/users\/3"}],"replies":[{"embeddable":true,"href":"https:\/\/faqmlc.ilo.org\/es\/wp-json\/wp\/v2\/comments?post=22479"}],"version-history":[{"count":7,"href":"https:\/\/faqmlc.ilo.org\/es\/wp-json\/wp\/v2\/pages\/22479\/revisions"}],"predecessor-version":[{"id":23372,"href":"https:\/\/faqmlc.ilo.org\/es\/wp-json\/wp\/v2\/pages\/22479\/revisions\/23372"}],"wp:attachment":[{"href":"https:\/\/faqmlc.ilo.org\/es\/wp-json\/wp\/v2\/media?parent=22479"}],"curies":[{"name":"wp","href":"https:\/\/api.w.org\/{rel}","templated":true}]}}