{"id":22474,"date":"2021-12-17T15:35:30","date_gmt":"2021-12-17T14:35:30","guid":{"rendered":"https:\/\/faqmlc.ilo.org\/?page_id=22474"},"modified":"2022-06-24T00:15:25","modified_gmt":"2022-06-23T22:15:25","slug":"prefacio-y-agradecimientos","status":"publish","type":"page","link":"https:\/\/faqmlc.ilo.org\/es\/prefacio-y-agradecimientos\/","title":{"rendered":"Prefacio y agradecimientos"},"content":{"rendered":"<h2>Prefacio<\/h2>\n<p>Esta quinta edici\u00f3n del <strong>Convenio sobre el trabajo mar\u00edtimo, 2006: Preguntas m\u00e1s frecuentes<\/strong>, de la OIT, ha sido preparada por la Oficina Internacional del Trabajo.<\/p>\n<p>El Convenio sobre el trabajo mar\u00edtimo, 2006 (MLC, 2006) fue adoptado en la 94.a reuni\u00f3n (mar\u00edtima) de la Conferencia Internacional del Trabajo, el 23 de febrero de 2006. El MLC, 2006, entr\u00f3 en vigor el 20 de agosto de 2013 y, en mayo de 2022, ha sido ratificado por 101 pa\u00edses que representan m\u00e1s del 96 por ciento del arqueo bruto de la flota mercante mundial.<br \/>\nDesde el a\u00f1o 2006, el inter\u00e9s por el MLC, 2006 y la experiencia adquirida con su aplicaci\u00f3n han ido en aumento. En 2012, con el fin de familiarizar en mayor medida a los mandantes de la OIT con el Convenio y de facilitar su comprensi\u00f3n, la Oficina Internacional del Trabajo prepar\u00f3 una base de datos electr\u00f3nica con las respuestas a las Preguntas m\u00e1s frecuentes, que tambi\u00e9n se public\u00f3 en formato impreso. Se concibi\u00f3 como una fuente de informaci\u00f3n de f\u00e1cil acceso que se actualizar\u00eda con regularidad. Este documento tiene por objeto ayudar a las personas que participan en el estudio o la aplicaci\u00f3n del MLC, 2006 a encontrar respuestas a sus preguntas acerca de este innovador Convenio de la OIT.<\/p>\n<p><strong>Cabe se\u00f1alar que las respuestas proporcionadas en las Preguntas m\u00e1s frecuentes no pueden en s\u00ed ser citadas como opiniones jur\u00eddicas oficiales.<\/strong> Las respuestas contenidas en este documento tienen por objeto suministrar informaci\u00f3n en forma de explicaciones concisas referentes al Convenio y a otros materiales de referencia. No son opiniones jur\u00eddicas ni asesoramiento jur\u00eddico sobre el significado de un requisito del Convenio ni sobre su aplicaci\u00f3n en una situaci\u00f3n particular. La OIT puede proporcionar estas opiniones, en particular, a los Gobiernos y a las organizaciones de armadores y de gente de mar que las soliciten, y en el entendimiento de que la Corte Internacional de Justicia es el \u00fanico \u00f3rgano competente para hacer una interpretaci\u00f3n oficial de los convenios internacionales del trabajo.<br \/>\nPor \u00faltimo, cabe se\u00f1alar que la base de datos electr\u00f3nica con las preguntas m\u00e1s frecuentes sobre el MLC, 2006 se seguir\u00e1 actualizando y que, cada cierto tiempo, se publicar\u00e1n nuevas ediciones o ediciones revisadas de estas Preguntas m\u00e1s frecuentes para reflejar dichas actualizaciones basadas en cuestiones que surjan durante la aplicaci\u00f3n tanto pr\u00e1ctica como jur\u00eddica del MLC, 2006.<\/p>\n<h2>Agradecimientos<\/h2>\n<p class=\"p1\">Esta quinta edici\u00f3n ha sido preparada bajo la direcci\u00f3n de Corinne Vargha, Directora del Departamento de Normas Internacionales del Trabajo de la Oficina Internacional del Trabajo. Actualiza el texto de las ediciones anteriores, elaborado por los asesores especiales de la OIT en lo relativo al MLC, 2006, Sr. Dominick Devlin y Dra. Moira L. McConnell, bajo la direcci\u00f3n de la anterior Directora del Departamento de Normas Internacionales del Trabajo, Sra. Cleopatra Doumbia-Henry. Asimismo, expresamos nuestro agradecimiento especial al Sr. Alexandre Charbonneau, a la Sra. Federica Ninni y a la Sra. Beatriz Vacotto por su contribuci\u00f3n a la quinta edici\u00f3n, as\u00ed como a la Sra. Eliane Willman, quien gestion\u00f3 el proceso de edici\u00f3n.<\/p>\n","protected":false},"excerpt":{"rendered":"<p>Prefacio Esta quinta edici\u00f3n del Convenio sobre el trabajo mar\u00edtimo, 2006: Preguntas m\u00e1s frecuentes, de la OIT, ha sido preparada por la Oficina Internacional del Trabajo. [&hellip;]<\/p>\n","protected":false},"author":3,"featured_media":0,"parent":0,"menu_order":0,"comment_status":"closed","ping_status":"closed","template":"internal-page.php","meta":{"footnotes":""},"class_list":["post-22474","page","type-page","status-publish","hentry"],"_links":{"self":[{"href":"https:\/\/faqmlc.ilo.org\/es\/wp-json\/wp\/v2\/pages\/22474","targetHints":{"allow":["GET"]}}],"collection":[{"href":"https:\/\/faqmlc.ilo.org\/es\/wp-json\/wp\/v2\/pages"}],"about":[{"href":"https:\/\/faqmlc.ilo.org\/es\/wp-json\/wp\/v2\/types\/page"}],"author":[{"embeddable":true,"href":"https:\/\/faqmlc.ilo.org\/es\/wp-json\/wp\/v2\/users\/3"}],"replies":[{"embeddable":true,"href":"https:\/\/faqmlc.ilo.org\/es\/wp-json\/wp\/v2\/comments?post=22474"}],"version-history":[{"count":5,"href":"https:\/\/faqmlc.ilo.org\/es\/wp-json\/wp\/v2\/pages\/22474\/revisions"}],"predecessor-version":[{"id":23367,"href":"https:\/\/faqmlc.ilo.org\/es\/wp-json\/wp\/v2\/pages\/22474\/revisions\/23367"}],"wp:attachment":[{"href":"https:\/\/faqmlc.ilo.org\/es\/wp-json\/wp\/v2\/media?parent=22474"}],"curies":[{"name":"wp","href":"https:\/\/api.w.org\/{rel}","templated":true}]}}