{"id":22372,"date":"2021-12-17T09:28:09","date_gmt":"2021-12-17T08:28:09","guid":{"rendered":"https:\/\/faqmlc.ilo.org\/?page_id=22372"},"modified":"2022-01-10T10:23:48","modified_gmt":"2022-01-10T09:23:48","slug":"home","status":"publish","type":"page","link":"https:\/\/faqmlc.ilo.org\/es\/","title":{"rendered":"HOME"},"content":{"rendered":"<div class=\"mt-knowledge-search wow  \">\n                <form role=\"search\" method=\"get\" id=\"searchform\" autocomplete=\"off\" class=\"clearfix\" action=\"https:\/\/faqmlc.ilo.org\">\n                  <input type=\"hidden\" name=\"post_type\" value=\"mt_listing\">\n                  <input placeholder=\"Buscar en la base de conocimientos\" type=\"text\" name=\"s\" id=\"keyword\" onkeyup=\"searchFetch.fetch()\">\n                  <button type=\"submit\" id=\"searchsubmit\"> <i class=\"fa fa-search\"><\/i><\/button>\n                <\/form>\n                <div id=\"datafetch\"><\/div>\n            <\/div>\n<p>    <div class=\"hcnpqifphq\">\n                    <a id=\"term-298\" class=\"vtioznezej\" href=\"https:\/\/faqmlc.ilo.org\/es\/knowledgebase-category\/a\/\">\n                <div class=\"hxdupwxhwb\">A.<\/div>\n                <div class=\"bjjdobdcra\">Preguntas generales sobre el MLC, 2006<\/div>\n            <\/a>\n                    <a id=\"term-300\" class=\"vtioznezej\" href=\"https:\/\/faqmlc.ilo.org\/es\/knowledgebase-category\/b\/\">\n                <div class=\"hxdupwxhwb\">B.<\/div>\n                <div class=\"bjjdobdcra\">Preguntas sobre los trabajadores y los buques comprendidos en el \u00e1mbito de aplicaci\u00f3n del MLC, 2006<\/div>\n            <\/a>\n                    <a id=\"term-301\" class=\"vtioznezej\" href=\"https:\/\/faqmlc.ilo.org\/es\/knowledgebase-category\/c\/\">\n                <div class=\"hxdupwxhwb\">C.<\/div>\n                <div class=\"bjjdobdcra\">Preguntas relativas a los T\u00edtulos del MLC, 2006<\/div>\n            <\/a>\n            <\/div>\n<br \/>\n<img loading=\"lazy\" decoding=\"async\" class=\"vc_single_image-img attachment-full\" src=\"https:\/\/faqmlc.ilo.org\/wp-content\/uploads\/2021\/01\/Group-2598.png\" sizes=\"auto, (max-width: 719px) 100vw, 719px\" srcset=\"https:\/\/faqmlc.ilo.org\/wp-content\/uploads\/2021\/01\/Group-2598.png 719w, https:\/\/faqmlc.ilo.org\/wp-content\/uploads\/2021\/01\/Group-2598-300x97.png 300w\" alt=\"\" width=\"719\" height=\"233\" \/><\/p>\n<h1>Convenio sobre el trabajo mar\u00edtimo, 2006, en su versi\u00f3n enmendada (MLC, 2006)<\/h1>\n<p>Esta quinta edici\u00f3n del <strong>Convenio sobre el trabajo mar\u00edtimo, 2006: Preguntas m\u00e1s frecuentes<\/strong>, ha sido preparada por el Departamento de Normas Internacionales del Trabajo de la OIT. Este documento tiene por objeto ayudar a las personas que participan en el estudio o la aplicaci\u00f3n del MLC, 2006 a encontrar respuestas a sus preguntas acerca de este innovador Convenio de la OIT. Las respuestas contenidas en este documento tienen por objeto suministrar informaci\u00f3n en forma de explicaciones concisas referentes al Convenio y a otros materiales de referencia. No son opiniones jur\u00eddicas ni asesoramiento jur\u00eddico sobre el significado de un requisito del Convenio ni sobre su aplicaci\u00f3n en una situaci\u00f3n particular. El sitio web y la aplicaci\u00f3n de las Preguntas m\u00e1s frecuentes han sido desarrollados en colaboraci\u00f3n con el Centro Internacional de Formaci\u00f3n de la OIT. Pueden consultarse y descargarse libremente.<br \/>\n<div class=\"shvhuccwwj\"><ul id=\"menu-home-spanish\" class=\"menu\"><li id=\"menu-item-22476\" class=\"menu-item menu-item-type-post_type menu-item-object-page menu-item-22476\"><a href=\"https:\/\/faqmlc.ilo.org\/es\/prefacio-y-agradecimientos\/\">Prefacio y agradecimientos<\/a><\/li>\n<li id=\"menu-item-22497\" class=\"menu-item menu-item-type-post_type menu-item-object-page menu-item-22497\"><a href=\"https:\/\/faqmlc.ilo.org\/es\/como-utilizar-estas-preguntas-mas-frecuentes\/\">C\u00f3mo utilizar estas Preguntas m\u00e1s frecuentes<\/a><\/li>\n<li id=\"menu-item-22498\" class=\"menu-item menu-item-type-post_type menu-item-object-page menu-item-22498\"><a href=\"https:\/\/faqmlc.ilo.org\/es\/otras-fuentes-utiles-de-informacion\/\">Otras fuentes \u00fatiles de informaci\u00f3n<\/a><\/li>\n<\/ul><\/div><\/p>\n","protected":false},"excerpt":{"rendered":"<p>Convenio sobre el trabajo mar\u00edtimo, 2006, en su versi\u00f3n enmendada (MLC, 2006) Esta quinta edici\u00f3n del Convenio sobre el trabajo mar\u00edtimo, 2006: Preguntas m\u00e1s frecuentes, ha [&hellip;]<\/p>\n","protected":false},"author":3,"featured_media":0,"parent":0,"menu_order":0,"comment_status":"closed","ping_status":"open","template":"","meta":{"footnotes":""},"class_list":["post-22372","page","type-page","status-publish","hentry"],"_links":{"self":[{"href":"https:\/\/faqmlc.ilo.org\/es\/wp-json\/wp\/v2\/pages\/22372","targetHints":{"allow":["GET"]}}],"collection":[{"href":"https:\/\/faqmlc.ilo.org\/es\/wp-json\/wp\/v2\/pages"}],"about":[{"href":"https:\/\/faqmlc.ilo.org\/es\/wp-json\/wp\/v2\/types\/page"}],"author":[{"embeddable":true,"href":"https:\/\/faqmlc.ilo.org\/es\/wp-json\/wp\/v2\/users\/3"}],"replies":[{"embeddable":true,"href":"https:\/\/faqmlc.ilo.org\/es\/wp-json\/wp\/v2\/comments?post=22372"}],"version-history":[{"count":6,"href":"https:\/\/faqmlc.ilo.org\/es\/wp-json\/wp\/v2\/pages\/22372\/revisions"}],"predecessor-version":[{"id":22688,"href":"https:\/\/faqmlc.ilo.org\/es\/wp-json\/wp\/v2\/pages\/22372\/revisions\/22688"}],"wp:attachment":[{"href":"https:\/\/faqmlc.ilo.org\/es\/wp-json\/wp\/v2\/media?parent=22372"}],"curies":[{"name":"wp","href":"https:\/\/api.w.org\/{rel}","templated":true}]}}